{"id":560,"date":"2019-08-06T11:18:12","date_gmt":"2019-08-06T09:18:12","guid":{"rendered":"https:\/\/neu.rogrotech.ch\/?post_type=product&#038;p=560"},"modified":"2022-08-31T15:04:05","modified_gmt":"2022-08-31T13:04:05","slug":"nilfisk-gd5-back-ch","status":"publish","type":"product","link":"https:\/\/rogrotech.ch\/it\/shop\/reinigungsgeraete\/sauger\/gewerbesauger\/trockensauger\/nilfisk-gd5-back-ch\/","title":{"rendered":"Nilfisk GD5 BACK CH Trockensauger"},"content":{"rendered":"<div>\n<p>Die Gewerbesauger der Reihe Nilfisk GD 5\/10 Back sind eine innovative Entwicklung im Bereich der R\u00fcckentragesauger. Diese Maschinen besitzen ein speziell konstruiertes Tragegestell, dass eine ergonomische und angenehme Arbeit mit dem Sauger erm\u00f6glicht. Als Batterie- und Kabelversion erh\u00e4ltlich. Die Nilfisk GD R\u00fcckentragesauger sind leicht, mit einer ausgeglichenen Balance und einem geringem Ger\u00e4uschpegel. Die leistungsstarken Saugturbinen und das komfortable Handling erm\u00f6glichen effiziente und kosteng\u00fcnstige Reinigung unter beengten Platzverh\u00e4ltnissen. Das grosse Filterbeutelvolumen (5 oder 10 Liter, je nach Arbeitsumfeld) sorgt f\u00fcr lange Betriebszeiten. Das Zubeh\u00f6r kann bequem vorne am G\u00fcrtel angebracht werden. Dort befindet sich auch der Ein-\/Ausschalter. Optional ist ein HEPA-Filter erh\u00e4ltlich sodass der Sauger problemlos in Hygienebereichen einsetzbar ist. Die Ausblasluft wird so umgelenkt, dass der Bediener nicht belastet wird. Die Gewerbesauger sind sowohl f\u00fcr Rechts- und Linksh\u00e4nder geeignet. Die Batterieversion unseres Nilfisk GD 5 Back R\u00fcckensaugers erm\u00f6glicht grossen Bewegungsspielraum f\u00fcr die Betriebsdauer von 30 Min. ohne Unfallgefahr durch Netzkabel. Filterbeutel und Filterelement k\u00f6nnen ohne Werkzeuge gewechselt werden. Die robuste Konstruktion sorgt f\u00fcr lange Haltbarkeit und der leichte Aufbau des R\u00fcckentragegestells sch\u00fctzt vor ungewollten R\u00fcckenbelastungen. F\u00fcr den Nilfisk GD 5\/10 ist eine grosse Auswahl an Zubeh\u00f6r verf\u00fcgbar, sodass es das optimale Ger\u00e4t f\u00fcr Ihre Reinigungsaufgaben ist.<\/p>\n<\/div>\n<ul class=\"nf-product-key-selling-points\">\n<li style=\"list-style-type: none;\">\n<ul>\n<li>Kabel\/Batterieversion erh\u00e4ltlich<\/li>\n<li>Grosse Filterbeutel: 5 oder 10 Liter<\/li>\n<li>Ausgezeichnete Filtrationsleistung mit HEPA-Abluftfilter (Anti Allergie Filter)<\/li>\n<li>Besonders ergonomisches Tragegestell<\/li>\n<li>Sehr geringes Arbeitsger\u00e4usch durch gekapselten Motor<\/li>\n<li>Arbeiten in sensiblen Bereichen m\u00f6glich<\/li>\n<li>Nutzbar f\u00fcr Rechts oder Linksh\u00e4nder.<\/li>\n<li>15m Netzkabel in Signalfarbe (orange) (nicht GD 5 Back Batterie)<\/li>\n<li>Recyclingf\u00e4hige Bauteile unterst\u00fctzen den Umweltschutz<\/li>\n<\/ul>\n<\/li>\n<\/ul>\n","protected":false},"excerpt":{"rendered":"<p>Preis auf Anfrage<\/p>\n","protected":false},"featured_media":561,"comment_status":"open","ping_status":"closed","template":"","meta":[],"product_cat":[61],"product_tag":[],"_links":{"self":[{"href":"https:\/\/rogrotech.ch\/it\/wp-json\/wp\/v2\/product\/560"}],"collection":[{"href":"https:\/\/rogrotech.ch\/it\/wp-json\/wp\/v2\/product"}],"about":[{"href":"https:\/\/rogrotech.ch\/it\/wp-json\/wp\/v2\/types\/product"}],"replies":[{"embeddable":true,"href":"https:\/\/rogrotech.ch\/it\/wp-json\/wp\/v2\/comments?post=560"}],"version-history":[{"count":2,"href":"https:\/\/rogrotech.ch\/it\/wp-json\/wp\/v2\/product\/560\/revisions"}],"predecessor-version":[{"id":16736,"href":"https:\/\/rogrotech.ch\/it\/wp-json\/wp\/v2\/product\/560\/revisions\/16736"}],"wp:featuredmedia":[{"embeddable":true,"href":"https:\/\/rogrotech.ch\/it\/wp-json\/wp\/v2\/media\/561"}],"wp:attachment":[{"href":"https:\/\/rogrotech.ch\/it\/wp-json\/wp\/v2\/media?parent=560"}],"wp:term":[{"taxonomy":"product_cat","embeddable":true,"href":"https:\/\/rogrotech.ch\/it\/wp-json\/wp\/v2\/product_cat?post=560"},{"taxonomy":"product_tag","embeddable":true,"href":"https:\/\/rogrotech.ch\/it\/wp-json\/wp\/v2\/product_tag?post=560"}],"curies":[{"name":"wp","href":"https:\/\/api.w.org\/{rel}","templated":true}]}}