{"id":573,"date":"2019-08-06T15:00:16","date_gmt":"2019-08-06T13:00:16","guid":{"rendered":"https:\/\/neu.rogrotech.ch\/?post_type=product&#038;p=573"},"modified":"2022-08-31T15:07:23","modified_gmt":"2022-08-31T13:07:23","slug":"nilfisk-attix-751-61-ch","status":"publish","type":"product","link":"https:\/\/rogrotech.ch\/it\/shop\/reinigungsgeraete\/sauger\/gewerbesauger\/nass-trockensauger\/nilfisk-attix-751-61-ch\/","title":{"rendered":"Nilfisk ATTIX 751-61 CH Nass-\/Trockensauger"},"content":{"rendered":"<p>Die ATTIX 751 Fl\u00fcssigkeitssauger sind speziell f\u00fcr anspruchsvolle Anwendungen wie f\u00fcr Feuerwehreins\u00e4tze, \u00dcberschwemmungen und die Aufnahme von Fl\u00fcssigkeiten nach Feuer entwickelt.<\/p>\n<div>\n<p>Die Sauger sind in der Lage bis zu 200 Liter an Fl\u00fcssigkeit pro Minute aufzunehmen. \u00dcber Abpumpgeschwindigkeit der eingebauten Pumpe betr\u00e4gt 300l\/min. dies \u00fcber 50m und bis auf eine F\u00f6rderh\u00f6he von 9m. F\u00fcr das Entleeren steht eine Storz-C Kupplung und ein GEKA-Adapter zur Verf\u00fcgung. Der eingesetzte Filterkorb aus Edelstahl sch\u00fctzt die Schmutzwasserpumpe und die Saugturbine vor Verschmutzung.<\/p>\n<p>Der ATTIX 751-71 MWF (Mobile Wet vacuum for Firefighting service) ist nach den Gesichtspunkten und Einsatzschwerpunkten der Feuerwehren ausgestattet. So verf\u00fcgt dieses Modell zudem \u00fcber einen Fehlerstromschutzschalter (PRCD) der die Verwendung des Saugers mit einem Stromerzeuger gew\u00e4hrleistet.<\/p>\n<p>Wie auch der ATTIX 751-61, so ist auch der ATTIX 751-71 MWF mit druckwasserdichten Stecksystemen nach IP68 ausgestattet.<\/p>\n<p>Die Modelle der ATTIX 751 Baureihe sind die perfekte Wahl, f\u00fcr professionelle Nasssaug-Anwendungen.<\/p>\n<\/div>\n<ul class=\"nf-product-key-selling-points\">\n<li style=\"list-style-type: none;\">\n<ul>\n<li>Eingebaute Schutzwasserpumpe f\u00fcr eine automatische Entleerung w\u00e4hrend des Einsatzes.<\/li>\n<li>Steckverbindungen ausgef\u00fchrt nach IP68.<\/li>\n<li>Edelstahlbeh\u00e4lter.Niedriges Arbeitsger\u00e4usch.<\/li>\n<li>Softstart und antistatische Ausf\u00fchrung.<\/li>\n<li>Edelstahlbeh\u00e4lter.<\/li>\n<li>Multifit-Zubeh\u00f6rsystem f\u00fcr h\u00f6chste Flexibilit\u00e4t w\u00e4hrend dem Einsatz.<\/li>\n<\/ul>\n<\/li>\n<\/ul>\n","protected":false},"excerpt":{"rendered":"<p>Preis auf Anfrage<\/p>\n","protected":false},"featured_media":574,"comment_status":"open","ping_status":"closed","template":"","meta":[],"product_cat":[62],"product_tag":[],"_links":{"self":[{"href":"https:\/\/rogrotech.ch\/it\/wp-json\/wp\/v2\/product\/573"}],"collection":[{"href":"https:\/\/rogrotech.ch\/it\/wp-json\/wp\/v2\/product"}],"about":[{"href":"https:\/\/rogrotech.ch\/it\/wp-json\/wp\/v2\/types\/product"}],"replies":[{"embeddable":true,"href":"https:\/\/rogrotech.ch\/it\/wp-json\/wp\/v2\/comments?post=573"}],"version-history":[{"count":2,"href":"https:\/\/rogrotech.ch\/it\/wp-json\/wp\/v2\/product\/573\/revisions"}],"predecessor-version":[{"id":16740,"href":"https:\/\/rogrotech.ch\/it\/wp-json\/wp\/v2\/product\/573\/revisions\/16740"}],"wp:featuredmedia":[{"embeddable":true,"href":"https:\/\/rogrotech.ch\/it\/wp-json\/wp\/v2\/media\/574"}],"wp:attachment":[{"href":"https:\/\/rogrotech.ch\/it\/wp-json\/wp\/v2\/media?parent=573"}],"wp:term":[{"taxonomy":"product_cat","embeddable":true,"href":"https:\/\/rogrotech.ch\/it\/wp-json\/wp\/v2\/product_cat?post=573"},{"taxonomy":"product_tag","embeddable":true,"href":"https:\/\/rogrotech.ch\/it\/wp-json\/wp\/v2\/product_tag?post=573"}],"curies":[{"name":"wp","href":"https:\/\/api.w.org\/{rel}","templated":true}]}}