{"id":9296,"date":"2020-05-10T23:52:48","date_gmt":"2020-05-10T21:52:48","guid":{"rendered":"http:\/\/rogrotech.ch\/?post_type=product&#038;p=9296"},"modified":"2021-04-20T14:15:52","modified_gmt":"2021-04-20T12:15:52","slug":"tammermatic-rainbow-ultima","status":"publish","type":"product","link":"https:\/\/rogrotech.ch\/it\/shop\/carwash-waschnlagen\/waschanlagen\/nfz-waschanlagen\/nfz-anlagen\/tammermatic-rainbow-ultima\/","title":{"rendered":"Tammermatic Rainbow Ultima"},"content":{"rendered":"\t\t<div data-elementor-type=\"product-post\" data-elementor-id=\"9296\" class=\"elementor elementor-9296\">\n\t\t\t\t\t\t<div class=\"elementor-inner\">\n\t\t\t\t<div class=\"elementor-section-wrap\">\n\t\t\t\t\t\t\t\t\t<section class=\"elementor-section elementor-top-section elementor-element elementor-element-667b4fb7 elementor-section-boxed elementor-section-height-default elementor-section-height-default elementor-invisible\" data-id=\"667b4fb7\" data-element_type=\"section\" data-settings=\"{&quot;jet_parallax_layout_list&quot;:[{&quot;_id&quot;:&quot;577295b&quot;,&quot;jet_parallax_layout_image&quot;:{&quot;url&quot;:&quot;&quot;,&quot;id&quot;:&quot;&quot;,&quot;size&quot;:&quot;&quot;},&quot;jet_parallax_layout_image_tablet&quot;:{&quot;url&quot;:&quot;&quot;,&quot;id&quot;:&quot;&quot;,&quot;size&quot;:&quot;&quot;},&quot;jet_parallax_layout_image_mobile&quot;:{&quot;url&quot;:&quot;&quot;,&quot;id&quot;:&quot;&quot;,&quot;size&quot;:&quot;&quot;},&quot;jet_parallax_layout_speed&quot;:{&quot;unit&quot;:&quot;%&quot;,&quot;size&quot;:50,&quot;sizes&quot;:[]},&quot;jet_parallax_layout_type&quot;:&quot;scroll&quot;,&quot;jet_parallax_layout_direction&quot;:null,&quot;jet_parallax_layout_fx_direction&quot;:null,&quot;jet_parallax_layout_z_index&quot;:&quot;&quot;,&quot;jet_parallax_layout_bg_x&quot;:50,&quot;jet_parallax_layout_bg_x_tablet&quot;:&quot;&quot;,&quot;jet_parallax_layout_bg_x_mobile&quot;:&quot;&quot;,&quot;jet_parallax_layout_bg_y&quot;:50,&quot;jet_parallax_layout_bg_y_tablet&quot;:&quot;&quot;,&quot;jet_parallax_layout_bg_y_mobile&quot;:&quot;&quot;,&quot;jet_parallax_layout_bg_size&quot;:&quot;auto&quot;,&quot;jet_parallax_layout_bg_size_tablet&quot;:&quot;&quot;,&quot;jet_parallax_layout_bg_size_mobile&quot;:&quot;&quot;,&quot;jet_parallax_layout_animation_prop&quot;:&quot;transform&quot;,&quot;jet_parallax_layout_on&quot;:[&quot;desktop&quot;,&quot;tablet&quot;]}],&quot;animation&quot;:&quot;fadeInUp&quot;}\">\n\t\t\t\t\t\t<div class=\"elementor-container elementor-column-gap-default\">\n\t\t\t\t\t\t\t<div class=\"elementor-row\">\n\t\t\t\t\t<div class=\"elementor-column elementor-col-100 elementor-top-column elementor-element elementor-element-6cb51d45\" data-id=\"6cb51d45\" data-element_type=\"column\">\n\t\t\t<div class=\"elementor-column-wrap elementor-element-populated\">\n\t\t\t\t\t\t\t<div class=\"elementor-widget-wrap\">\n\t\t\t\t\t\t<div class=\"elementor-element elementor-element-5209d7cc elementor-widget elementor-widget-heading\" data-id=\"5209d7cc\" data-element_type=\"widget\" data-widget_type=\"heading.default\">\n\t\t\t\t<div class=\"elementor-widget-container\">\n\t\t\t<h2 class=\"elementor-heading-title elementor-size-default\">DatENBLATT und DOWNLOADS<\/h2>\t\t<\/div>\n\t\t\t\t<\/div>\n\t\t\t\t<div class=\"elementor-element elementor-element-1dce4a7b elementor-widget elementor-widget-jet-headline\" data-id=\"1dce4a7b\" data-element_type=\"widget\" data-widget_type=\"jet-headline.default\">\n\t\t\t\t<div class=\"elementor-widget-container\">\n\t\t\t<span class=\"jet-headline jet-headline--direction-horizontal\"><span class=\"jet-headline__part jet-headline__first\"><span class=\"jet-headline__label\">Technische <\/span><\/span><span class=\"jet-headline__space\">&nbsp;<\/span><span class=\"jet-headline__part jet-headline__second\"><span class=\"jet-headline__label\">Spezifikationen<\/span><\/span><\/span>\t\t<\/div>\n\t\t\t\t<\/div>\n\t\t\t\t<div class=\"elementor-element elementor-element-56d27de8 elementor-widget-divider--view-line elementor-widget elementor-widget-divider\" data-id=\"56d27de8\" data-element_type=\"widget\" data-widget_type=\"divider.default\">\n\t\t\t\t<div class=\"elementor-widget-container\">\n\t\t\t\t\t<div class=\"elementor-divider\">\n\t\t\t<span class=\"elementor-divider-separator\">\n\t\t\t\t\t\t<\/span>\n\t\t<\/div>\n\t\t\t\t<\/div>\n\t\t\t\t<\/div>\n\t\t\t\t<div class=\"elementor-element elementor-element-3b9ff726 elementor-widget elementor-widget-text-editor\" data-id=\"3b9ff726\" data-element_type=\"widget\" data-widget_type=\"text-editor.default\">\n\t\t\t\t<div class=\"elementor-widget-container\">\n\t\t\t\t\t\t\t\t<div class=\"elementor-text-editor elementor-clearfix\">\n\t\t\t\t<p>Rainbow Ultima<br \/>Beste Reinigungskraft f\u00fcr Fahrzeuge mit ungew\u00f6hnlichen Konturen.<\/p><p><br \/>Vorwasch- und Hochdrucksysteme mit schwenkbaren Punktstrahld\u00fcsen.<br \/>Spr\u00fchanlagen f\u00fcr Fahrwerks- und R\u00e4dereinigung.<\/p>\t\t\t\t\t<\/div>\n\t\t\t\t\t\t<\/div>\n\t\t\t\t<\/div>\n\t\t\t\t<section class=\"elementor-section elementor-inner-section elementor-element elementor-element-5ffb97b9 elementor-section-boxed elementor-section-height-default elementor-section-height-default\" data-id=\"5ffb97b9\" data-element_type=\"section\" data-settings=\"{&quot;jet_parallax_layout_list&quot;:[{&quot;jet_parallax_layout_image&quot;:{&quot;url&quot;:&quot;&quot;,&quot;id&quot;:&quot;&quot;,&quot;size&quot;:&quot;&quot;},&quot;_id&quot;:&quot;583ac33&quot;,&quot;jet_parallax_layout_image_tablet&quot;:{&quot;url&quot;:&quot;&quot;,&quot;id&quot;:&quot;&quot;,&quot;size&quot;:&quot;&quot;},&quot;jet_parallax_layout_image_mobile&quot;:{&quot;url&quot;:&quot;&quot;,&quot;id&quot;:&quot;&quot;,&quot;size&quot;:&quot;&quot;},&quot;jet_parallax_layout_speed&quot;:{&quot;unit&quot;:&quot;%&quot;,&quot;size&quot;:50,&quot;sizes&quot;:[]},&quot;jet_parallax_layout_type&quot;:&quot;scroll&quot;,&quot;jet_parallax_layout_direction&quot;:null,&quot;jet_parallax_layout_fx_direction&quot;:null,&quot;jet_parallax_layout_z_index&quot;:&quot;&quot;,&quot;jet_parallax_layout_bg_x&quot;:50,&quot;jet_parallax_layout_bg_x_tablet&quot;:&quot;&quot;,&quot;jet_parallax_layout_bg_x_mobile&quot;:&quot;&quot;,&quot;jet_parallax_layout_bg_y&quot;:50,&quot;jet_parallax_layout_bg_y_tablet&quot;:&quot;&quot;,&quot;jet_parallax_layout_bg_y_mobile&quot;:&quot;&quot;,&quot;jet_parallax_layout_bg_size&quot;:&quot;auto&quot;,&quot;jet_parallax_layout_bg_size_tablet&quot;:&quot;&quot;,&quot;jet_parallax_layout_bg_size_mobile&quot;:&quot;&quot;,&quot;jet_parallax_layout_animation_prop&quot;:&quot;transform&quot;,&quot;jet_parallax_layout_on&quot;:[&quot;desktop&quot;,&quot;tablet&quot;]}]}\">\n\t\t\t\t\t\t<div class=\"elementor-container elementor-column-gap-default\">\n\t\t\t\t\t\t\t<div class=\"elementor-row\">\n\t\t\t\t\t<div class=\"elementor-column elementor-col-50 elementor-inner-column elementor-element elementor-element-21bc2e3a\" data-id=\"21bc2e3a\" data-element_type=\"column\">\n\t\t\t<div class=\"elementor-column-wrap elementor-element-populated\">\n\t\t\t\t\t\t\t<div class=\"elementor-widget-wrap\">\n\t\t\t\t\t\t<div class=\"elementor-element elementor-element-72fbd480 elementor-widget elementor-widget-heading\" data-id=\"72fbd480\" data-element_type=\"widget\" data-widget_type=\"heading.default\">\n\t\t\t\t<div class=\"elementor-widget-container\">\n\t\t\t<h3 class=\"elementor-heading-title elementor-size-default\">Eigenschaften<\/h3>\t\t<\/div>\n\t\t\t\t<\/div>\n\t\t\t\t<div class=\"elementor-element elementor-element-642295f3 elementor-widget elementor-widget-text-editor\" data-id=\"642295f3\" data-element_type=\"widget\" data-widget_type=\"text-editor.default\">\n\t\t\t\t<div class=\"elementor-widget-container\">\n\t\t\t\t\t\t\t\t<div class=\"elementor-text-editor elementor-clearfix\">\n\t\t\t\t<p><span style=\"color: #ff2717; font-size: 1rem; font-weight: bolder; font-family: var( --e-global-typography-text-font-family );\">Besonderheiten und Funktionen:<\/span><\/p><ul style=\"font-size: 16px; background-color: #f4f4f4;\"><li style=\"font-size: 16px;\">\u00a0Front- und Heckverkleidung im oberen Bereich<\/li><li style=\"font-size: 16px;\">\u00a0Feuerverzinkte Rahmenkonstruktion<\/li><li style=\"font-size: 16px;\">\u00a0Alle Hubmotoren sind Frequenzumformer gesteuert<\/li><li style=\"font-size: 16px;\">\u00a0Konturangepasste Seitenb\u00fcrsten Reinigung der<br \/>\u00a0Frontfl\u00e4che mit geneigten B\u00fcrsten<\/li><li style=\"font-size: 16px;\">\u00a0Konturangepasste Dachb\u00fcrste<\/li><li style=\"font-size: 16px;\">\u00a0Seitenspritzschutz aus Edelstahl<\/li><li style=\"font-size: 16px;\">\u00a0Schaltschrankgeh\u00e4use aus Edelstahl<\/li><li style=\"font-size: 16px;\">\u00a0Helle LED-Positionsanzeige<\/li><li style=\"font-size: 16px;\">\u00a0B\u00fcrstenrotation mit Softstartfunktion<\/li><li style=\"font-size: 16px;\">\u00a0Ber\u00fchrungsempfindliche Sicherheitsleisten<\/li><li style=\"font-size: 16px;\">\u00a0Alle Fahrwerksmotoren sind Frequenzumformer<br \/>\u00a0gesteuert<\/li><li style=\"font-size: 16px;\">\u00a0Zentrales Schmiersystem<\/li><li style=\"font-size: 16px;\">\u00a0Kipp- und Entgleisungssicherung am Fahrwerk<br \/><br \/><\/li><\/ul><p><strong><span style=\"font-size: 1rem; color: #ff2717;\">Vorw\u00e4sche:<\/span><\/strong><\/p><ul><li>Schwenkbare Vorwaschb\u00f6gen an den Seiten<\/li><li>Geteilte schwenkbare Vorwaschb\u00f6gen an den Seiten. Unten f\u00fcr PKW. Unten und oben f\u00fcr LKW, zur besseren Dosierung.<\/li><li>Vorspr\u00fchbogen zur intensiven Chassisreinigung<\/li><li>Horizontaler Vorwaschbogen integriert im<\/li><li>koturfolgendem Dachbalken <br \/><br \/><\/li><\/ul><p><strong><span style=\"font-size: 1rem; color: #ff2717;\">Hochdruckw\u00e4sche:<\/span><\/strong><\/p><ul><li>Seitliche in voller H\u00f6he schwenkbare Flachstrahld\u00fcsen-Bogen<\/li><li>Seitliche in voller H\u00f6he schwenkbare und geteilte Punktstrahld\u00fcsen-Bogen und als Option Punktstrahld\u00fcsen f\u00fcr die Fahrwerks- und R\u00e4derreinigung<\/li><li>Horizontaler Hochdruckbogen auf konturfolgendem Dachbalken mit Flachstrahl- oder Punktstrahlhochdruckd\u00fcsen<\/li><\/ul>\t\t\t\t\t<\/div>\n\t\t\t\t\t\t<\/div>\n\t\t\t\t<\/div>\n\t\t\t\t\t\t<\/div>\n\t\t\t\t\t<\/div>\n\t\t<\/div>\n\t\t\t\t<div class=\"elementor-column elementor-col-50 elementor-inner-column elementor-element elementor-element-471bb15a\" data-id=\"471bb15a\" data-element_type=\"column\">\n\t\t\t<div class=\"elementor-column-wrap elementor-element-populated\">\n\t\t\t\t\t\t\t<div class=\"elementor-widget-wrap\">\n\t\t\t\t\t\t<div class=\"elementor-element elementor-element-856ad2a elementor-widget elementor-widget-heading\" data-id=\"856ad2a\" data-element_type=\"widget\" data-widget_type=\"heading.default\">\n\t\t\t\t<div class=\"elementor-widget-container\">\n\t\t\t<h3 class=\"elementor-heading-title elementor-size-default\">Downloads<\/h3>\t\t<\/div>\n\t\t\t\t<\/div>\n\t\t\t\t<div class=\"elementor-element elementor-element-41ffd95e elementor-widget__width-auto elementor-widget elementor-widget-jet-download-button\" data-id=\"41ffd95e\" data-element_type=\"widget\" data-widget_type=\"jet-download-button.default\">\n\t\t\t\t<div class=\"elementor-widget-container\">\n\t\t\t<div class=\"elementor-jet-download-button jet-elements\"><a class=\"elementor-button elementor-size-md jet-download jet-download-icon-position-left\" href=\"https:\/\/rogrotech.ch\/it\/?jet_download=14471\" ><span class=\"jet-download__icon jet-download-icon-left jet-elements-icon\"><i aria-hidden=\"true\" class=\"fas fa-arrow-down\"><\/i><\/span><span class=\"jet-download__text\"><span class=\"jet-download__label\">Brosch\u00fcre <br> deutsch<\/span><small class=\"jet-download__sub-label\">3 MB<\/small><\/span><\/a>\n<\/div>\t\t<\/div>\n\t\t\t\t<\/div>\n\t\t\t\t<div class=\"elementor-element elementor-element-5c92bff2 elementor-widget__width-auto elementor-widget elementor-widget-jet-download-button\" data-id=\"5c92bff2\" data-element_type=\"widget\" data-widget_type=\"jet-download-button.default\">\n\t\t\t\t<div class=\"elementor-widget-container\">\n\t\t\t<div class=\"elementor-jet-download-button jet-elements\"><a class=\"elementor-button elementor-size-md jet-download jet-download-icon-position-left\" href=\"https:\/\/rogrotech.ch\/it\/?jet_download=14476\" ><span class=\"jet-download__icon jet-download-icon-left jet-elements-icon\"><i aria-hidden=\"true\" class=\"fas fa-arrow-down\"><\/i><\/span><span class=\"jet-download__text\"><span class=\"jet-download__label\">Brosch\u00fcre <br> englisch<\/span><small class=\"jet-download__sub-label\">3 MB<\/small><\/span><\/a>\n<\/div>\t\t<\/div>\n\t\t\t\t<\/div>\n\t\t\t\t<div class=\"elementor-element elementor-element-8ef065 elementor-widget elementor-widget-heading\" data-id=\"8ef065\" data-element_type=\"widget\" data-widget_type=\"heading.default\">\n\t\t\t\t<div class=\"elementor-widget-container\">\n\t\t\t<h3 class=\"elementor-heading-title elementor-size-default\">Dimensionen<\/h3>\t\t<\/div>\n\t\t\t\t<\/div>\n\t\t\t\t<div class=\"elementor-element elementor-element-74ddaa9b elementor-widget elementor-widget-jet-table\" data-id=\"74ddaa9b\" data-element_type=\"widget\" data-widget_type=\"jet-table.default\">\n\t\t\t\t<div class=\"elementor-widget-container\">\n\t\t\t<div class=\"elementor-jet-table jet-elements\">\n\t\t<div class=\"jet-table-wrapper\">\n\t\t\t<table class=\"jet-table jet-table--fa5-compat\">\n\t\t\t\t<thead class=\"jet-table__head\"><tr class=\"jet-table__head-row\"><th class=\"jet-table__cell elementor-repeater-item-93da31d jet-table__head-cell\" scope=\"col\"><div class=\"jet-table__cell-inner\"><div class=\"jet-table__cell-content\"><div class=\"jet-table__cell-text\">2 B\u00fcrsten-Basisversion<\/div><\/div><\/div><\/th><th class=\"jet-table__cell elementor-repeater-item-d316d47 jet-table__head-cell\" scope=\"col\"><div class=\"jet-table__cell-inner\"><div class=\"jet-table__cell-content\"><\/div><\/div><\/th><\/tr><\/thead>\n\t\t\t\t\t\t\t\t<tbody class=\"jet-table__body\"><tr class=\"jet-table__body-row elementor-repeater-item-d983450\"><td class=\"jet-table__cell elementor-repeater-item-31cabac jet-table__body-cell\" colspan=\"1\" rowspan=\"1\"><div class=\"jet-table__cell-inner\"><div class=\"jet-table__cell-content\"><div class=\"jet-table__cell-text\">L\u00e4nge der Waschstrasse: Fahrzeug + 5.5 m (inkl. Sicherheitsabstand 2 x 0.5 m). Mindestbreite der Waschstrasse: 5.4 m.<\/div><\/div><\/div><\/td><\/tr><\/tbody>\n\t\t\t<\/table>\n\t\t<\/div>\n\n\t\t<\/div>\t\t<\/div>\n\t\t\t\t<\/div>\n\t\t\t\t<div class=\"elementor-element elementor-element-b427086 elementor-widget elementor-widget-jet-table\" data-id=\"b427086\" data-element_type=\"widget\" data-widget_type=\"jet-table.default\">\n\t\t\t\t<div class=\"elementor-widget-container\">\n\t\t\t<div class=\"elementor-jet-table jet-elements\">\n\t\t<div class=\"jet-table-wrapper\">\n\t\t\t<table class=\"jet-table jet-table--fa5-compat\">\n\t\t\t\t<thead class=\"jet-table__head\"><tr class=\"jet-table__head-row\"><th class=\"jet-table__cell elementor-repeater-item-93da31d jet-table__head-cell\" scope=\"col\"><div class=\"jet-table__cell-inner\"><div class=\"jet-table__cell-content\"><div class=\"jet-table__cell-text\">2 B\u00fcrsten-Version mit 18.5 kW und 20 bar HD-Pumpe<\/div><\/div><\/div><\/th><th class=\"jet-table__cell elementor-repeater-item-d316d47 jet-table__head-cell\" scope=\"col\"><div class=\"jet-table__cell-inner\"><div class=\"jet-table__cell-content\"><\/div><\/div><\/th><\/tr><\/thead>\n\t\t\t\t\t\t\t\t<tbody class=\"jet-table__body\"><tr class=\"jet-table__body-row elementor-repeater-item-d983450\"><td class=\"jet-table__cell elementor-repeater-item-31cabac jet-table__body-cell\" colspan=\"1\" rowspan=\"1\"><div class=\"jet-table__cell-inner\"><div class=\"jet-table__cell-content\"><div class=\"jet-table__cell-text\">L\u00e4nge der Waschstrasse: Fahrzeug + 5.5 m (inkl. Sicherheitsabstand 2 x 0.5 m). Mindestbreite der Waschstrasse : 5.4 m.<\/div><\/div><\/div><\/td><\/tr><\/tbody>\n\t\t\t<\/table>\n\t\t<\/div>\n\n\t\t<\/div>\t\t<\/div>\n\t\t\t\t<\/div>\n\t\t\t\t<div class=\"elementor-element elementor-element-6adf806 elementor-widget elementor-widget-jet-table\" data-id=\"6adf806\" data-element_type=\"widget\" data-widget_type=\"jet-table.default\">\n\t\t\t\t<div class=\"elementor-widget-container\">\n\t\t\t<div class=\"elementor-jet-table jet-elements\">\n\t\t<div class=\"jet-table-wrapper\">\n\t\t\t<table class=\"jet-table jet-table--fa5-compat\">\n\t\t\t\t<thead class=\"jet-table__head\"><tr class=\"jet-table__head-row\"><th class=\"jet-table__cell elementor-repeater-item-93da31d jet-table__head-cell\" scope=\"col\"><div class=\"jet-table__cell-inner\"><div class=\"jet-table__cell-content\"><div class=\"jet-table__cell-text\">3 B\u00fcsten-Basisversion<\/div><\/div><\/div><\/th><th class=\"jet-table__cell elementor-repeater-item-d316d47 jet-table__head-cell\" scope=\"col\"><div class=\"jet-table__cell-inner\"><div class=\"jet-table__cell-content\"><\/div><\/div><\/th><\/tr><\/thead>\n\t\t\t\t\t\t\t\t<tbody class=\"jet-table__body\"><tr class=\"jet-table__body-row elementor-repeater-item-d983450\"><td class=\"jet-table__cell elementor-repeater-item-31cabac jet-table__body-cell\" colspan=\"1\" rowspan=\"1\"><div class=\"jet-table__cell-inner\"><div class=\"jet-table__cell-content\"><div class=\"jet-table__cell-text\">Ohne Dachspritzschutz betr\u00e4gt die Verringerung der Gesamt- und Waschstrassenh\u00f6he 170 mm.\nL\u00e4nge der Waschstrasse: Fahrzeug + 6 m (inkl. Sicherheitsabstand 2 x 0.5 m). Mindestbreite der Waschstrasse: 5.4 m.<\/div><\/div><\/div><\/td><\/tr><\/tbody>\n\t\t\t<\/table>\n\t\t<\/div>\n\n\t\t<\/div>\t\t<\/div>\n\t\t\t\t<\/div>\n\t\t\t\t<div class=\"elementor-element elementor-element-bedbe0f elementor-widget elementor-widget-jet-table\" data-id=\"bedbe0f\" data-element_type=\"widget\" data-widget_type=\"jet-table.default\">\n\t\t\t\t<div class=\"elementor-widget-container\">\n\t\t\t<div class=\"elementor-jet-table jet-elements\">\n\t\t<div class=\"jet-table-wrapper\">\n\t\t\t<table class=\"jet-table jet-table--fa5-compat\">\n\t\t\t\t<thead class=\"jet-table__head\"><tr class=\"jet-table__head-row\"><th class=\"jet-table__cell elementor-repeater-item-93da31d jet-table__head-cell\" scope=\"col\"><div class=\"jet-table__cell-inner\"><div class=\"jet-table__cell-content\"><div class=\"jet-table__cell-text\">3 B\u00fcrsten-Version mit 18.5 kW und 20 bar HD-Pumpe<\/div><\/div><\/div><\/th><th class=\"jet-table__cell elementor-repeater-item-d316d47 jet-table__head-cell\" scope=\"col\"><div class=\"jet-table__cell-inner\"><div class=\"jet-table__cell-content\"><\/div><\/div><\/th><\/tr><\/thead>\n\t\t\t\t\t\t\t\t<tbody class=\"jet-table__body\"><tr class=\"jet-table__body-row elementor-repeater-item-d983450\"><td class=\"jet-table__cell elementor-repeater-item-31cabac jet-table__body-cell\" colspan=\"1\" rowspan=\"1\"><div class=\"jet-table__cell-inner\"><div class=\"jet-table__cell-content\"><div class=\"jet-table__cell-text\">Ohne Dachspritzschutz betr\u00e4gt die Verringerung der Gesamt- und Waschstrassenh\u00f6he 170 mm.\nL\u00e4nge der Waschstrasse: Fahrzeug + 6 m (inkl. Sicherheitsabstand 2 x 0.5 m). Mindestbreite der Waschstrasse: 5.4 m ohne obersten HD-Bogen, mit oberstem HD-Bogen Mindestl\u00e4nge der Waschstrasse: Fahrzeuge + 7.5 m.<\/div><\/div><\/div><\/td><\/tr><\/tbody>\n\t\t\t<\/table>\n\t\t<\/div>\n\n\t\t<\/div>\t\t<\/div>\n\t\t\t\t<\/div>\n\t\t\t\t<div class=\"elementor-element elementor-element-d2a74cf elementor-widget elementor-widget-jet-table\" data-id=\"d2a74cf\" data-element_type=\"widget\" data-widget_type=\"jet-table.default\">\n\t\t\t\t<div class=\"elementor-widget-container\">\n\t\t\t<div class=\"elementor-jet-table jet-elements\">\n\t\t<div class=\"jet-table-wrapper\">\n\t\t\t<table class=\"jet-table jet-table--fa5-compat\">\n\t\t\t\t<thead class=\"jet-table__head\"><tr class=\"jet-table__head-row\"><th class=\"jet-table__cell elementor-repeater-item-93da31d jet-table__head-cell\" scope=\"col\"><div class=\"jet-table__cell-inner\"><div class=\"jet-table__cell-content\"><div class=\"jet-table__cell-text\">3 B\u00fcrsten-Version mit 2 x 18.5 kW und 70 bar HD-Pumpe<\/div><\/div><\/div><\/th><th class=\"jet-table__cell elementor-repeater-item-d316d47 jet-table__head-cell\" scope=\"col\"><div class=\"jet-table__cell-inner\"><div class=\"jet-table__cell-content\"><\/div><\/div><\/th><\/tr><\/thead>\n\t\t\t\t\t\t\t\t<tbody class=\"jet-table__body\"><tr class=\"jet-table__body-row elementor-repeater-item-d983450\"><td class=\"jet-table__cell elementor-repeater-item-31cabac jet-table__body-cell\" colspan=\"1\" rowspan=\"1\"><div class=\"jet-table__cell-inner\"><div class=\"jet-table__cell-content\"><div class=\"jet-table__cell-text\">Ohne Dachspritzschutz betr\u00e4gt die Verringerung der Gesamt- und Waschstrassenh\u00f6he 170 mm.\nL\u00e4nge der Waschstrasse: Fahrzeug + 6 m (inkl. Sicherheitsabstand 2 x 0.5 m). Mindestbreite der Waschstrasse: 5.4 m ohne obersten HD-Bogen, mit oberstem HD-Bogen Mindestl\u00e4nge der Waschstrasse: Fahrzeuge + 7.5 m.<\/div><\/div><\/div><\/td><\/tr><\/tbody>\n\t\t\t<\/table>\n\t\t<\/div>\n\n\t\t<\/div>\t\t<\/div>\n\t\t\t\t<\/div>\n\t\t\t\t\t\t<\/div>\n\t\t\t\t\t<\/div>\n\t\t<\/div>\n\t\t\t\t\t\t\t\t<\/div>\n\t\t\t\t\t<\/div>\n\t\t<\/section>\n\t\t\t\t\t\t<\/div>\n\t\t\t\t\t<\/div>\n\t\t<\/div>\n\t\t\t\t\t\t\t\t<\/div>\n\t\t\t\t\t<\/div>\n\t\t<\/section>\n\t\t\t\t<section class=\"elementor-section elementor-top-section elementor-element elementor-element-fe46086 elementor-section-boxed elementor-section-height-default elementor-section-height-default\" data-id=\"fe46086\" data-element_type=\"section\" data-settings=\"{&quot;jet_parallax_layout_list&quot;:[{&quot;jet_parallax_layout_image&quot;:{&quot;url&quot;:&quot;&quot;,&quot;id&quot;:&quot;&quot;,&quot;size&quot;:&quot;&quot;},&quot;_id&quot;:&quot;e1825f8&quot;,&quot;jet_parallax_layout_image_tablet&quot;:{&quot;url&quot;:&quot;&quot;,&quot;id&quot;:&quot;&quot;,&quot;size&quot;:&quot;&quot;},&quot;jet_parallax_layout_image_mobile&quot;:{&quot;url&quot;:&quot;&quot;,&quot;id&quot;:&quot;&quot;,&quot;size&quot;:&quot;&quot;},&quot;jet_parallax_layout_speed&quot;:{&quot;unit&quot;:&quot;%&quot;,&quot;size&quot;:50,&quot;sizes&quot;:[]},&quot;jet_parallax_layout_type&quot;:&quot;scroll&quot;,&quot;jet_parallax_layout_direction&quot;:null,&quot;jet_parallax_layout_fx_direction&quot;:null,&quot;jet_parallax_layout_z_index&quot;:&quot;&quot;,&quot;jet_parallax_layout_bg_x&quot;:50,&quot;jet_parallax_layout_bg_x_tablet&quot;:&quot;&quot;,&quot;jet_parallax_layout_bg_x_mobile&quot;:&quot;&quot;,&quot;jet_parallax_layout_bg_y&quot;:50,&quot;jet_parallax_layout_bg_y_tablet&quot;:&quot;&quot;,&quot;jet_parallax_layout_bg_y_mobile&quot;:&quot;&quot;,&quot;jet_parallax_layout_bg_size&quot;:&quot;auto&quot;,&quot;jet_parallax_layout_bg_size_tablet&quot;:&quot;&quot;,&quot;jet_parallax_layout_bg_size_mobile&quot;:&quot;&quot;,&quot;jet_parallax_layout_animation_prop&quot;:&quot;transform&quot;,&quot;jet_parallax_layout_on&quot;:[&quot;desktop&quot;,&quot;tablet&quot;]}]}\">\n\t\t\t\t\t\t<div class=\"elementor-container elementor-column-gap-default\">\n\t\t\t\t\t\t\t<div class=\"elementor-row\">\n\t\t\t\t\t<div class=\"elementor-column elementor-col-100 elementor-top-column elementor-element elementor-element-75de76d\" data-id=\"75de76d\" data-element_type=\"column\">\n\t\t\t<div class=\"elementor-column-wrap elementor-element-populated\">\n\t\t\t\t\t\t\t<div class=\"elementor-widget-wrap\">\n\t\t\t\t\t\t<div class=\"elementor-element elementor-element-2bba797 elementor-widget elementor-widget-video\" data-id=\"2bba797\" data-element_type=\"widget\" data-settings=\"{&quot;youtube_url&quot;:&quot;https:\\\/\\\/www.youtube.com\\\/watch?v=9dgHjWoQrCw&amp;feature=emb_logo&quot;,&quot;mute&quot;:&quot;yes&quot;,&quot;video_type&quot;:&quot;youtube&quot;,&quot;controls&quot;:&quot;yes&quot;}\" data-widget_type=\"video.default\">\n\t\t\t\t<div class=\"elementor-widget-container\">\n\t\t\t\t\t<div class=\"elementor-wrapper elementor-open-inline\">\n\t\t\t<div class=\"elementor-video\"><\/div>\t\t<\/div>\n\t\t\t\t<\/div>\n\t\t\t\t<\/div>\n\t\t\t\t\t\t<\/div>\n\t\t\t\t\t<\/div>\n\t\t<\/div>\n\t\t\t\t\t\t\t\t<\/div>\n\t\t\t\t\t<\/div>\n\t\t<\/section>\n\t\t\t\t\t\t\t\t\t<\/div>\n\t\t\t<\/div>\n\t\t\t\t\t<\/div>\n\t\t","protected":false},"excerpt":{"rendered":"<p>DatENBLATT und DOWNLOADS Technische \u00a0Spezifikationen Rainbow Ultima Beste Reinigungskraft f\u00fcr Fahrzeuge mit ungew\u00f6hnlichen Konturen. Vorwasch- und Hochdrucksysteme mit schwenkbaren Punktstrahld\u00fcsen. Spr\u00fchanlagen f\u00fcr Fahrwerks- und R\u00e4dereinigung. Eigenschaften Besonderheiten und Funktionen: \u00a0Front- und Heckverkleidung im oberen Bereich \u00a0Feuerverzinkte Rahmenkonstruktion \u00a0Alle Hubmotoren sind Frequenzumformer gesteuert \u00a0Konturangepasste Seitenb\u00fcrsten Reinigung der Frontfl\u00e4che mit geneigten B\u00fcrsten \u00a0Konturangepasste Dachb\u00fcrste \u00a0Seitenspritzschutz aus Edelstahl [&hellip;]<\/p>\n","protected":false},"featured_media":2332,"comment_status":"open","ping_status":"closed","template":"","meta":[],"product_cat":[386],"product_tag":[],"_links":{"self":[{"href":"https:\/\/rogrotech.ch\/it\/wp-json\/wp\/v2\/product\/9296"}],"collection":[{"href":"https:\/\/rogrotech.ch\/it\/wp-json\/wp\/v2\/product"}],"about":[{"href":"https:\/\/rogrotech.ch\/it\/wp-json\/wp\/v2\/types\/product"}],"replies":[{"embeddable":true,"href":"https:\/\/rogrotech.ch\/it\/wp-json\/wp\/v2\/comments?post=9296"}],"version-history":[{"count":3,"href":"https:\/\/rogrotech.ch\/it\/wp-json\/wp\/v2\/product\/9296\/revisions"}],"predecessor-version":[{"id":15503,"href":"https:\/\/rogrotech.ch\/it\/wp-json\/wp\/v2\/product\/9296\/revisions\/15503"}],"wp:featuredmedia":[{"embeddable":true,"href":"https:\/\/rogrotech.ch\/it\/wp-json\/wp\/v2\/media\/2332"}],"wp:attachment":[{"href":"https:\/\/rogrotech.ch\/it\/wp-json\/wp\/v2\/media?parent=9296"}],"wp:term":[{"taxonomy":"product_cat","embeddable":true,"href":"https:\/\/rogrotech.ch\/it\/wp-json\/wp\/v2\/product_cat?post=9296"},{"taxonomy":"product_tag","embeddable":true,"href":"https:\/\/rogrotech.ch\/it\/wp-json\/wp\/v2\/product_tag?post=9296"}],"curies":[{"name":"wp","href":"https:\/\/api.w.org\/{rel}","templated":true}]}}